{"id":1837,"date":"2020-10-23T01:56:41","date_gmt":"2020-10-23T01:56:41","guid":{"rendered":"https:\/\/demo2wpopal.b-cdn.net\/smartic\/?page_id=1837"},"modified":"2024-11-10T14:20:24","modified_gmt":"2024-11-10T12:20:24","slug":"ueber-uns","status":"publish","type":"page","link":"https:\/\/carabao-bremen.de\/en\/ueber-uns","title":{"rendered":"About Us"},"content":{"rendered":"\t\t<div data-elementor-type=\"wp-page\" data-elementor-id=\"1837\" class=\"elementor elementor-1837\" data-elementor-post-type=\"page\">\n\t\t\t\t\t\t<div class=\"elementor-section elementor-top-section elementor-element elementor-element-a6c86c7 elementor-section-stretched elementor-section-full_width elementor-hidden-mobile elementor-section-height-default elementor-section-height-default\" data-id=\"a6c86c7\" data-element_type=\"section\" data-e-type=\"section\" data-settings=\"{&quot;stretch_section&quot;:&quot;section-stretched&quot;,&quot;background_background&quot;:&quot;classic&quot;}\">\n\t\t\t\t\t\t<div class=\"elementor-container elementor-column-gap-no\">\n\t\t\t\t\t<div class=\"elementor-column elementor-col-100 elementor-top-column elementor-element elementor-element-1069d82\" data-id=\"1069d82\" data-element_type=\"column\" data-e-type=\"column\">\n\t\t\t<div class=\"elementor-widget-wrap elementor-element-populated\">\n\t\t\t\t\t\t<div class=\"elementor-element elementor-element-fa838ac elementor-widget elementor-widget-heading\" data-id=\"fa838ac\" data-element_type=\"widget\" data-e-type=\"widget\" data-widget_type=\"heading.default\">\n\t\t\t\t<div class=\"elementor-widget-container\">\n\t\t\t\t\t<h2 class=\"elementor-heading-title elementor-size-default\">Wir sind CARABAO<\/h2>\t\t\t\t<\/div>\n\t\t\t\t<\/div>\n\t\t\t\t<div class=\"elementor-element elementor-element-a19fc1e elementor-widget elementor-widget-text-editor\" data-id=\"a19fc1e\" data-element_type=\"widget\" data-e-type=\"widget\" data-widget_type=\"text-editor.default\">\n\t\t\t\t<div class=\"elementor-widget-container\">\n\t\t\t\t\t\t\t\t\t<div><span style=\"color: #ffffff;\">Muay Thai \u2022 MMA \u2022 Boxen \u2022 Funktionelles Krafttraining<\/span><\/div>\t\t\t\t\t\t\t\t<\/div>\n\t\t\t\t<\/div>\n\t\t\t\t\t<\/div>\n\t\t<\/div>\n\t\t\t\t\t<\/div>\n\t\t<\/div>\n\t\t\t\t<div class=\"elementor-section elementor-top-section elementor-element elementor-element-3418df39 elementor-section-stretched elementor-section-boxed elementor-section-height-default elementor-section-height-default\" data-id=\"3418df39\" data-element_type=\"section\" data-e-type=\"section\" data-settings=\"{&quot;stretch_section&quot;:&quot;section-stretched&quot;}\">\n\t\t\t\t\t\t<div class=\"elementor-container elementor-column-gap-no\">\n\t\t\t\t\t<div class=\"elementor-column elementor-col-100 elementor-top-column elementor-element elementor-element-18abdfbd\" data-id=\"18abdfbd\" data-element_type=\"column\" data-e-type=\"column\">\n\t\t\t<div class=\"elementor-widget-wrap elementor-element-populated\">\n\t\t\t\t\t\t<div class=\"elementor-element elementor-element-4d2b5953 elementor-widget elementor-widget-heading\" data-id=\"4d2b5953\" data-element_type=\"widget\" data-e-type=\"widget\" data-widget_type=\"heading.default\">\n\t\t\t\t<div class=\"elementor-widget-container\">\n\t\t\t\t\t<h2 class=\"elementor-heading-title elementor-size-default\">Unsere Geschichte<\/h2>\t\t\t\t<\/div>\n\t\t\t\t<\/div>\n\t\t\t\t\t<\/div>\n\t\t<\/div>\n\t\t\t\t\t<\/div>\n\t\t<\/div>\n\t\t\t\t<div class=\"elementor-section elementor-top-section elementor-element elementor-element-725c087 elementor-section-stretched elementor-section-boxed elementor-section-height-default elementor-section-height-default\" data-id=\"725c087\" data-element_type=\"section\" data-e-type=\"section\" data-settings=\"{&quot;stretch_section&quot;:&quot;section-stretched&quot;}\">\n\t\t\t\t\t\t<div class=\"elementor-container elementor-column-gap-no\">\n\t\t\t\t\t<div class=\"elementor-column elementor-col-100 elementor-top-column elementor-element elementor-element-c10cc9f\" data-id=\"c10cc9f\" data-element_type=\"column\" data-e-type=\"column\">\n\t\t\t<div class=\"elementor-widget-wrap elementor-element-populated\">\n\t\t\t\t\t\t<div class=\"elementor-element elementor-element-ca8925a elementor-widget elementor-widget-text-editor\" data-id=\"ca8925a\" data-element_type=\"widget\" data-e-type=\"widget\" data-widget_type=\"text-editor.default\">\n\t\t\t\t<div class=\"elementor-widget-container\">\n\t\t\t\t\t\t\t\t\t<p>Carabao Bremen ist ein Familienunternehmen in der \u00f6stlichen Vorstadt, das im Jahr 2004 gegr\u00fcndet wurde. Wir sind stolz darauf, bereits in der dritten Generation Muay Thai zu unterrichten. Anf\u00e4nglich konzentrierten wir uns ausschlie\u00dflich auf Muay Thai in der Bremer Neustadt.<\/p><p>Unsere Verbindung zum authentischen Muay Thai reicht bis in die 80er Jahre zur\u00fcck, als unser Meister Klaus Prompan begann, Muay Thai in Thailand zu studieren. Im Jahr 1991 er\u00f6ffnete er sein erstes Gym, und Christian und Nicole, die Gr\u00fcnder von Carabao, begannen ihr Muay Thai-Training. Im Jahr 2004 gr\u00fcndeten sie Carabao. Heute sind wir alle wieder vereint, da wir uns im Jahr 2022 unter dem Banner von Carabao Bremen wieder zusammengefunden haben. Besonders erfreulich ist, dass auch unsere Kinder mittlerweile hauptberuflich in unserem Unternehmen t\u00e4tig sind. Unsere Tochter arbeitet zeitweise bei uns und verbringt einen Gro\u00dfteil des Jahres als Profik\u00e4mpferin in Thailand.<\/p><p>Alle unsere Muay Thai- und MMA-Trainer wurden intern ausgebildet und erhalten zus\u00e4tzliches Training von verschiedenen Trainern, die sie selbst ausw\u00e4hlen. An dieser Stelle senden wir herzliche Gr\u00fc\u00dfe an KRU PIK, Sangtienoi Gym, Porpromin Gym, Sitjaopho Gym und das 10th Planet Gym in Berlin.<\/p><p>Im Verlauf unserer Entwicklung und im Zuge einer Erweiterung in unsere heutigen R\u00e4umlichkeiten entstand die innovative Idee, auch Fitness Muay Thai anzubieten. Fitness Muay Thai ist ein Thaiboxtraining ohne Partner und ohne Verletzungsrisiken. Zu jener Zeit dominierten aerobik\u00e4hnliche Kurse wie Thaibo oder Body Combat, bei denen die Bewegungsabl\u00e4ufe streng einem Takt unterworfen wurden. Da wir jedoch keine herk\u00f6mmliche Fitnessstudioeinrichtung, sondern eine Schule sind, legen wir besonderen Wert auf den Lerneffekt im Muay Thai. Aus diesem Grund haben wir uns bewusst gegen solche Taktvorgaben entschieden.<\/p><p>Regelm\u00e4\u00dfiges Training im Fitness Muay Thai vermittelt die F\u00e4higkeit, Schlag- und Tritttechniken kraftvoll und pr\u00e4zise einzusetzen, ohne dabei Verletzungen zu riskieren. Wer unserem Training folgt, erwirbt nicht nur k\u00f6rperliche Fitness, sondern auch das Wissen, wie man Techniken effektiv anwendet und dabei die eigene Sicherheit im Auge beh\u00e4lt.<\/p><p>Seit 2007 bieten wir auch MMA und Submission Grappling an. Nachdem anf\u00e4nglich verschiedene Trainer in unserem Gym unterrichtet hatten, kamen wir zu dem Schluss, dass nur ein Trainer mit einem Hintergrund im Muay Thai sinnvoll MMA in unserem Gym unterrichten kann. Wir verbinden dabei Elemente des Muay Thai mit den klassischen Bestandteilen des MMA, wie Wrestling und Submission Grappling.<\/p><p>Auch klassisches Boxen ist mittlerweile ein fester Bestandteil in unserem Gym. Klaus Dieter Feldmann ist ein Boxveteran mit 300 Amateurk\u00e4mpfen und 40 Jahren Trainererfahrung. Vor 25 Jahren geh\u00f6rte er zu unseren gro\u00dfen Trainervorbildern und tut dies auch weiterhin. Vor ein paar Jahren konnten wir ihn f\u00fcr uns gewinnen und sind sehr gl\u00fccklich, ihn als Headcoach in unserem Team zu haben. Er und sein Trainerteam setzen ihr Bestes ein, um ein erstklassiges Training zu bieten.<\/p><p>Alles In allem machten uns die Jahrzehnte an Erfahrung zu dem was wir heute sind und wissen. Und freuen uns wenn ihr mit unserer Arbeit zufrieden seid.<\/p>\t\t\t\t\t\t\t\t<\/div>\n\t\t\t\t<\/div>\n\t\t\t\t\t<\/div>\n\t\t<\/div>\n\t\t\t\t\t<\/div>\n\t\t<\/div>\n\t\t\t\t<div class=\"elementor-section elementor-top-section elementor-element elementor-element-e8537ee elementor-section-stretched elementor-section-boxed elementor-section-height-default elementor-section-height-default\" data-id=\"e8537ee\" data-element_type=\"section\" data-e-type=\"section\" data-settings=\"{&quot;stretch_section&quot;:&quot;section-stretched&quot;}\">\n\t\t\t\t\t\t<div class=\"elementor-container elementor-column-gap-no\">\n\t\t\t\t\t<div class=\"elementor-column elementor-col-100 elementor-top-column elementor-element elementor-element-4ebd4f51\" data-id=\"4ebd4f51\" data-element_type=\"column\" data-e-type=\"column\" data-settings=\"{&quot;background_background&quot;:&quot;classic&quot;,&quot;background_motion_fx_motion_fx_scrolling&quot;:&quot;yes&quot;,&quot;background_motion_fx_translateY_effect&quot;:&quot;yes&quot;,&quot;background_motion_fx_devices&quot;:[&quot;desktop&quot;,&quot;tablet&quot;],&quot;background_motion_fx_translateY_speed&quot;:{&quot;unit&quot;:&quot;px&quot;,&quot;size&quot;:4,&quot;sizes&quot;:[]},&quot;background_motion_fx_translateY_affectedRange&quot;:{&quot;unit&quot;:&quot;%&quot;,&quot;size&quot;:&quot;&quot;,&quot;sizes&quot;:{&quot;start&quot;:0,&quot;end&quot;:100}}}\">\n\t\t\t<div class=\"elementor-widget-wrap elementor-element-populated\">\n\t\t\t\t\t\t<div class=\"elementor-section elementor-inner-section elementor-element elementor-element-296a4be8 elementor-section-boxed elementor-section-height-default elementor-section-height-default\" data-id=\"296a4be8\" data-element_type=\"section\" data-e-type=\"section\">\n\t\t\t\t\t\t<div class=\"elementor-container elementor-column-gap-no\">\n\t\t\t\t\t<div class=\"elementor-column elementor-col-50 elementor-inner-column elementor-element elementor-element-376fa1df\" data-id=\"376fa1df\" data-element_type=\"column\" data-e-type=\"column\" data-settings=\"{&quot;background_background&quot;:&quot;classic&quot;}\">\n\t\t\t<div class=\"elementor-widget-wrap elementor-element-populated\">\n\t\t\t\t\t\t<div class=\"elementor-element elementor-element-11869201 elementor-widget elementor-widget-heading\" data-id=\"11869201\" data-element_type=\"widget\" data-e-type=\"widget\" data-widget_type=\"heading.default\">\n\t\t\t\t<div class=\"elementor-widget-container\">\n\t\t\t\t\t<h2 class=\"elementor-heading-title elementor-size-default\">Unsere Philosophie<\/h2>\t\t\t\t<\/div>\n\t\t\t\t<\/div>\n\t\t\t\t<div class=\"elementor-element elementor-element-d8dc72a elementor-widget elementor-widget-text-editor\" data-id=\"d8dc72a\" data-element_type=\"widget\" data-e-type=\"widget\" data-widget_type=\"text-editor.default\">\n\t\t\t\t<div class=\"elementor-widget-container\">\n\t\t\t\t\t\t\t\t\t<p>In einem Leben als Kampfk\u00fcnstler entwickeln sich philosophische Ansichten wie von selbst \u2013 im Kampf steht man n\u00e4mlich nicht nur dem Gegner, sondern auch immer seinen eigenen Konflikten und \u00c4ngsten gegen\u00fcber. Dar\u00fcberhinaus beinhalten die Aufgaben als Trainer und die Beziehung zu den Sch\u00fclern eine Auseinandersetzung mit den eigenen Werten. Diesen Prozess betrachten wir bewusst als Teil unserer Trainert\u00e4tigkeit und geben diese Erfahrungen an unsere Sch\u00fcler weiter.<\/p><p>Zusammengefasst steht im Zentrum unserer Philosophie ganz einfach, gut mit unseren Mitmenschen umzugehen. Wie das am besten funktioniert m\u00f6chten wir gemeinsam mit euch lernen und praktizieren.<\/p>\t\t\t\t\t\t\t\t<\/div>\n\t\t\t\t<\/div>\n\t\t\t\t\t<\/div>\n\t\t<\/div>\n\t\t\t\t<div class=\"elementor-column elementor-col-50 elementor-inner-column elementor-element elementor-element-5fcc3766\" data-id=\"5fcc3766\" data-element_type=\"column\" data-e-type=\"column\">\n\t\t\t<div class=\"elementor-widget-wrap\">\n\t\t\t\t\t\t\t<\/div>\n\t\t<\/div>\n\t\t\t\t\t<\/div>\n\t\t<\/div>\n\t\t\t\t\t<\/div>\n\t\t<\/div>\n\t\t\t\t\t<\/div>\n\t\t<\/div>\n\t\t\t\t<div class=\"elementor-section elementor-top-section elementor-element elementor-element-26876228 elementor-section-stretched elementor-section-boxed elementor-section-height-default elementor-section-height-default\" data-id=\"26876228\" data-element_type=\"section\" data-e-type=\"section\" data-settings=\"{&quot;stretch_section&quot;:&quot;section-stretched&quot;,&quot;background_background&quot;:&quot;classic&quot;}\">\n\t\t\t\t\t\t<div class=\"elementor-container elementor-column-gap-no\">\n\t\t\t\t\t<div class=\"elementor-column elementor-col-100 elementor-top-column elementor-element elementor-element-70c577df\" data-id=\"70c577df\" data-element_type=\"column\" data-e-type=\"column\">\n\t\t\t<div class=\"elementor-widget-wrap elementor-element-populated\">\n\t\t\t\t\t\t<div class=\"elementor-element elementor-element-36359328 elementor-widget elementor-widget-heading\" data-id=\"36359328\" data-element_type=\"widget\" data-e-type=\"widget\" data-widget_type=\"heading.default\">\n\t\t\t\t<div class=\"elementor-widget-container\">\n\t\t\t\t\t<h2 class=\"elementor-heading-title elementor-size-default\">Unser Team<\/h2>\t\t\t\t<\/div>\n\t\t\t\t<\/div>\n\t\t\t\t<div class=\"elementor-element elementor-element-4aff9f79 elementor-widget__width-initial elementor-widget elementor-widget-text-editor\" data-id=\"4aff9f79\" data-element_type=\"widget\" data-e-type=\"widget\" data-widget_type=\"text-editor.default\">\n\t\t\t\t<div class=\"elementor-widget-container\">\n\t\t\t\t\t\t\t\t\t<p>Unsere TrainerInnen sind in diversen Kampfsport- und Fitness-Disziplinen ausgebildet und k\u00f6nnen euch ein Training anbieten, das euren Interessen und F\u00e4higkeiten optimal gerecht wird.<br \/><br \/>Wir sind ein famili\u00e4res Sportstudio und freuen uns auf alle Erwachsenen und Kinder!<\/p>\t\t\t\t\t\t\t\t<\/div>\n\t\t\t\t<\/div>\n\t\t\t\t<div class=\"elementor-element elementor-element-22a32da elementor-widget elementor-widget-template\" data-id=\"22a32da\" data-element_type=\"widget\" data-e-type=\"widget\" data-widget_type=\"template.default\">\n\t\t\t\t<div class=\"elementor-widget-container\">\n\t\t\t\t\t\t\t<div class=\"elementor-template\">\n\t\t\t\t\t<div data-elementor-type=\"section\" data-elementor-id=\"16297\" class=\"elementor elementor-16297\" data-elementor-post-type=\"elementor_library\">\n\t\t\t\t\t<div class=\"elementor-section elementor-top-section elementor-element elementor-element-2617629b elementor-section-stretched elementor-section-boxed elementor-section-height-default elementor-section-height-default\" data-id=\"2617629b\" data-element_type=\"section\" data-e-type=\"section\" data-settings=\"{&quot;stretch_section&quot;:&quot;section-stretched&quot;}\">\n\t\t\t\t\t\t<div class=\"elementor-container elementor-column-gap-no\">\n\t\t\t\t\t<div class=\"elementor-column elementor-col-25 elementor-top-column elementor-element elementor-element-189262b2 animated-fast elementor-invisible\" data-id=\"189262b2\" data-element_type=\"column\" data-e-type=\"column\" data-settings=\"{&quot;animation&quot;:&quot;opal-move-up&quot;}\">\n\t\t\t<div class=\"elementor-widget-wrap\">\n\t\t\t\t\t\t\t<\/div>\n\t\t<\/div>\n\t\t\t\t<div class=\"elementor-column elementor-col-25 elementor-top-column elementor-element elementor-element-2769ddb7 animated-fast elementor-invisible\" data-id=\"2769ddb7\" data-element_type=\"column\" data-e-type=\"column\" data-settings=\"{&quot;animation&quot;:&quot;opal-move-up&quot;,&quot;animation_delay&quot;:100}\">\n\t\t\t<div class=\"elementor-widget-wrap\">\n\t\t\t\t\t\t\t<\/div>\n\t\t<\/div>\n\t\t\t\t<div class=\"elementor-column elementor-col-25 elementor-top-column elementor-element elementor-element-441d3760 animated-fast elementor-invisible\" data-id=\"441d3760\" data-element_type=\"column\" data-e-type=\"column\" data-settings=\"{&quot;animation&quot;:&quot;opal-move-up&quot;,&quot;animation_delay&quot;:200}\">\n\t\t\t<div class=\"elementor-widget-wrap\">\n\t\t\t\t\t\t\t<\/div>\n\t\t<\/div>\n\t\t\t\t<div class=\"elementor-column elementor-col-25 elementor-top-column elementor-element elementor-element-24c6a595 animated-fast elementor-invisible\" data-id=\"24c6a595\" data-element_type=\"column\" data-e-type=\"column\" data-settings=\"{&quot;animation&quot;:&quot;opal-move-up&quot;,&quot;animation_delay&quot;:300}\">\n\t\t\t<div class=\"elementor-widget-wrap\">\n\t\t\t\t\t\t\t<\/div>\n\t\t<\/div>\n\t\t\t\t\t<\/div>\n\t\t<\/div>\n\t\t\t\t<\/div>\n\t\t\t\t<\/div>\n\t\t\t\t\t\t<\/div>\n\t\t\t\t<\/div>\n\t\t\t\t\t<\/div>\n\t\t<\/div>\n\t\t\t\t\t<\/div>\n\t\t<\/div>\n\t\t\t\t<\/div>\n\t\t","protected":false},"excerpt":{"rendered":"<p>Wir sind CARABAO Muay Thai \u2022 MMA \u2022 Boxen \u2022 Funktionelles Krafttraining Unsere Geschichte Carabao Bremen ist ein Familienunternehmen in der \u00f6stlichen Vorstadt, das im Jahr 2004 gegr\u00fcndet wurde. Wir [&hellip;]<\/p>\n","protected":false},"author":1,"featured_media":0,"parent":0,"menu_order":0,"comment_status":"closed","ping_status":"closed","template":"","meta":{"inline_featured_image":false,"footnotes":""},"class_list":["post-1837","page","type-page","status-publish","hentry"],"_links":{"self":[{"href":"https:\/\/carabao-bremen.de\/en\/wp-json\/wp\/v2\/pages\/1837","targetHints":{"allow":["GET"]}}],"collection":[{"href":"https:\/\/carabao-bremen.de\/en\/wp-json\/wp\/v2\/pages"}],"about":[{"href":"https:\/\/carabao-bremen.de\/en\/wp-json\/wp\/v2\/types\/page"}],"author":[{"embeddable":true,"href":"https:\/\/carabao-bremen.de\/en\/wp-json\/wp\/v2\/users\/1"}],"replies":[{"embeddable":true,"href":"https:\/\/carabao-bremen.de\/en\/wp-json\/wp\/v2\/comments?post=1837"}],"version-history":[{"count":6,"href":"https:\/\/carabao-bremen.de\/en\/wp-json\/wp\/v2\/pages\/1837\/revisions"}],"predecessor-version":[{"id":20336,"href":"https:\/\/carabao-bremen.de\/en\/wp-json\/wp\/v2\/pages\/1837\/revisions\/20336"}],"wp:attachment":[{"href":"https:\/\/carabao-bremen.de\/en\/wp-json\/wp\/v2\/media?parent=1837"}],"curies":[{"name":"wp","href":"https:\/\/api.w.org\/{rel}","templated":true}]}}